{"id":27,"date":"2024-09-17T15:35:30","date_gmt":"2024-09-17T15:35:30","guid":{"rendered":"https:\/\/khachsan01.khoweb.xyz\/?page_id=27"},"modified":"2024-09-20T13:52:13","modified_gmt":"2024-09-20T13:52:13","slug":"ve-chung-toi","status":"publish","type":"page","link":"https:\/\/khachsan01.khoweb.xyz\/ja\/ve-chung-toi\/","title":{"rendered":"V\u1ec1 ch\u00fang t\u00f4i"},"content":{"rendered":"\t\t<div data-elementor-type=\"wp-page\" data-elementor-id=\"27\" class=\"elementor elementor-27\" data-elementor-post-type=\"page\">\n\t\t\t\t<div class=\"elementor-element elementor-element-20ded9e e-con-full e-flex e-con e-parent\" data-id=\"20ded9e\" data-element_type=\"container\" data-e-type=\"container\" data-settings=\"{&quot;background_background&quot;:&quot;slideshow&quot;,&quot;background_slideshow_gallery&quot;:[{&quot;id&quot;:88,&quot;url&quot;:&quot;https:\\\/\\\/khachsan01.khoweb.xyz\\\/wp-content\\\/uploads\\\/2024\\\/09\\\/ANA-MANDARA-CAM-RANH-Resort-Overview-5-2200x1200-1.webp&quot;},{&quot;id&quot;:89,&quot;url&quot;:&quot;https:\\\/\\\/khachsan01.khoweb.xyz\\\/wp-content\\\/uploads\\\/2024\\\/09\\\/ANA-MANDARA-CAM-RANH-Restaurant-Staff-2-1-2200x1200-1.webp&quot;},{&quot;id&quot;:90,&quot;url&quot;:&quot;https:\\\/\\\/khachsan01.khoweb.xyz\\\/wp-content\\\/uploads\\\/2024\\\/09\\\/ANA-MANDARA-CAM-RANH-Pool6-2200x1200-1.webp&quot;}],&quot;background_slideshow_ken_burns&quot;:&quot;yes&quot;,&quot;background_slideshow_loop&quot;:&quot;yes&quot;,&quot;background_slideshow_slide_duration&quot;:5000,&quot;background_slideshow_slide_transition&quot;:&quot;fade&quot;,&quot;background_slideshow_transition_duration&quot;:500,&quot;background_slideshow_ken_burns_zoom_direction&quot;:&quot;in&quot;}\">\n\t\t\t\t<div class=\"elementor-element elementor-element-e21af99 elementor-widget elementor-widget-heading\" data-id=\"e21af99\" data-element_type=\"widget\" data-e-type=\"widget\" data-widget_type=\"heading.default\">\n\t\t\t\t<div class=\"elementor-widget-container\">\n\t\t\t\t\t<span class=\"elementor-heading-title elementor-size-default\">Ana Mandara Cam Ranh\n<\/span>\t\t\t\t<\/div>\n\t\t\t\t<\/div>\n\t\t\t\t<div class=\"elementor-element elementor-element-aa0976d elementor-widget elementor-widget-heading\" data-id=\"aa0976d\" data-element_type=\"widget\" data-e-type=\"widget\" data-widget_type=\"heading.default\">\n\t\t\t\t<div class=\"elementor-widget-container\">\n\t\t\t\t\t<h1 class=\"elementor-heading-title elementor-size-default\">V\u1ec0 CH\u00daNG T\u00d4I<\/h1>\t\t\t\t<\/div>\n\t\t\t\t<\/div>\n\t\t\t\t<div class=\"elementor-element elementor-element-3deb32e elementor-icon-list--layout-inline elementor-align-center elementor-list-item-link-full_width elementor-widget elementor-widget-icon-list\" data-id=\"3deb32e\" data-element_type=\"widget\" data-e-type=\"widget\" data-widget_type=\"icon-list.default\">\n\t\t\t\t<div class=\"elementor-widget-container\">\n\t\t\t\t\t\t\t<ul class=\"elementor-icon-list-items elementor-inline-items\">\n\t\t\t\t\t\t\t<li class=\"elementor-icon-list-item elementor-inline-item\">\n\t\t\t\t\t\t\t\t\t\t\t<a href=\"https:\/\/khachsan01.khoweb.xyz\/ja\">\n\n\t\t\t\t\t\t\t\t\t\t\t<span class=\"elementor-icon-list-text\">Trang ch\u1ee7<\/span>\n\t\t\t\t\t\t\t\t\t\t\t<\/a>\n\t\t\t\t\t\t\t\t\t<\/li>\n\t\t\t\t\t\t\t\t<li class=\"elementor-icon-list-item elementor-inline-item\">\n\t\t\t\t\t\t\t\t\t\t\t<a href=\"https:\/\/khachsan01.khoweb.xyz\/ja\/dich-vu\/\">\n\n\t\t\t\t\t\t\t\t\t\t\t\t<span class=\"elementor-icon-list-icon\">\n\t\t\t\t\t\t\t<svg aria-hidden=\"true\" class=\"e-font-icon-svg e-fas-long-arrow-alt-right\" viewBox=\"0 0 448 512\" xmlns=\"http:\/\/www.w3.org\/2000\/svg\"><path d=\"M313.941 216H12c-6.627 0-12 5.373-12 12v56c0 6.627 5.373 12 12 12h301.941v46.059c0 21.382 25.851 32.09 40.971 16.971l86.059-86.059c9.373-9.373 9.373-24.569 0-33.941l-86.059-86.059c-15.119-15.119-40.971-4.411-40.971 16.971V216z\"><\/path><\/svg>\t\t\t\t\t\t<\/span>\n\t\t\t\t\t\t\t\t\t\t<span class=\"elementor-icon-list-text\">V\u1ec1 ch\u00fang t\u00f4i<\/span>\n\t\t\t\t\t\t\t\t\t\t\t<\/a>\n\t\t\t\t\t\t\t\t\t<\/li>\n\t\t\t\t\t\t<\/ul>\n\t\t\t\t\t\t<\/div>\n\t\t\t\t<\/div>\n\t\t\t\t<div class=\"elementor-element elementor-element-e12376e elementor-absolute elementor-widget elementor-widget-template\" data-id=\"e12376e\" data-element_type=\"widget\" data-e-type=\"widget\" data-settings=\"{&quot;_position&quot;:&quot;absolute&quot;}\" data-widget_type=\"template.default\">\n\t\t\t\t<div class=\"elementor-widget-container\">\n\t\t\t\t\t\t\t<div class=\"elementor-template\">\n\t\t\t\t\t<div data-elementor-type=\"section\" data-elementor-id=\"422\" class=\"elementor elementor-422\" data-elementor-post-type=\"elementor_library\">\n\t\t\t<div class=\"elementor-element elementor-element-e4bcd3c e-flex e-con-boxed e-con e-child\" data-id=\"e4bcd3c\" data-element_type=\"container\" data-e-type=\"container\">\n\t\t\t\t\t<div class=\"e-con-inner\">\n\t\t\t\t<div class=\"elementor-element elementor-element-cf89280 elementor-widget-mobile__width-initial elementor-position-top elementor-widget elementor-widget-image-box\" data-id=\"cf89280\" data-element_type=\"widget\" data-e-type=\"widget\" data-widget_type=\"image-box.default\">\n\t\t\t\t<div class=\"elementor-widget-container\">\n\t\t\t\t\t<div class=\"elementor-image-box-wrapper\"><figure class=\"elementor-image-box-img\"><img fetchpriority=\"high\" decoding=\"async\" width=\"350\" height=\"350\" src=\"https:\/\/khachsan01.khoweb.xyz\/wp-content\/uploads\/2024\/09\/1-1.png\" class=\"attachment-full size-full wp-image-418\" alt=\"\" srcset=\"https:\/\/khachsan01.khoweb.xyz\/wp-content\/uploads\/2024\/09\/1-1.png 350w, https:\/\/khachsan01.khoweb.xyz\/wp-content\/uploads\/2024\/09\/1-1-300x300.png 300w, https:\/\/khachsan01.khoweb.xyz\/wp-content\/uploads\/2024\/09\/1-1-150x150.png 150w\" sizes=\"(max-width: 350px) 100vw, 350px\" \/><\/figure><div class=\"elementor-image-box-content\"><p class=\"elementor-image-box-title\">ACCOMMODATION<\/p><\/div><\/div>\t\t\t\t<\/div>\n\t\t\t\t<\/div>\n\t\t\t\t<div class=\"elementor-element elementor-element-4664b2d elementor-widget-mobile__width-initial elementor-position-top elementor-widget elementor-widget-image-box\" data-id=\"4664b2d\" data-element_type=\"widget\" data-e-type=\"widget\" data-widget_type=\"image-box.default\">\n\t\t\t\t<div class=\"elementor-widget-container\">\n\t\t\t\t\t<div class=\"elementor-image-box-wrapper\"><figure class=\"elementor-image-box-img\"><img fetchpriority=\"high\" decoding=\"async\" width=\"350\" height=\"350\" src=\"https:\/\/khachsan01.khoweb.xyz\/wp-content\/uploads\/2024\/09\/1-1.png\" class=\"attachment-full size-full wp-image-418\" alt=\"\" srcset=\"https:\/\/khachsan01.khoweb.xyz\/wp-content\/uploads\/2024\/09\/1-1.png 350w, https:\/\/khachsan01.khoweb.xyz\/wp-content\/uploads\/2024\/09\/1-1-300x300.png 300w, https:\/\/khachsan01.khoweb.xyz\/wp-content\/uploads\/2024\/09\/1-1-150x150.png 150w\" sizes=\"(max-width: 350px) 100vw, 350px\" \/><\/figure><div class=\"elementor-image-box-content\"><p class=\"elementor-image-box-title\">ACCOMMODATION<\/p><\/div><\/div>\t\t\t\t<\/div>\n\t\t\t\t<\/div>\n\t\t\t\t<div class=\"elementor-element elementor-element-af1ba64 elementor-widget-mobile__width-initial elementor-position-top elementor-widget elementor-widget-image-box\" data-id=\"af1ba64\" data-element_type=\"widget\" data-e-type=\"widget\" data-widget_type=\"image-box.default\">\n\t\t\t\t<div class=\"elementor-widget-container\">\n\t\t\t\t\t<div class=\"elementor-image-box-wrapper\"><figure class=\"elementor-image-box-img\"><img fetchpriority=\"high\" decoding=\"async\" width=\"350\" height=\"350\" src=\"https:\/\/khachsan01.khoweb.xyz\/wp-content\/uploads\/2024\/09\/1-1.png\" class=\"attachment-full size-full wp-image-418\" alt=\"\" srcset=\"https:\/\/khachsan01.khoweb.xyz\/wp-content\/uploads\/2024\/09\/1-1.png 350w, https:\/\/khachsan01.khoweb.xyz\/wp-content\/uploads\/2024\/09\/1-1-300x300.png 300w, https:\/\/khachsan01.khoweb.xyz\/wp-content\/uploads\/2024\/09\/1-1-150x150.png 150w\" sizes=\"(max-width: 350px) 100vw, 350px\" \/><\/figure><div class=\"elementor-image-box-content\"><p class=\"elementor-image-box-title\">ACCOMMODATION<\/p><\/div><\/div>\t\t\t\t<\/div>\n\t\t\t\t<\/div>\n\t\t\t\t<div class=\"elementor-element elementor-element-8e29f0c elementor-widget-mobile__width-initial elementor-position-top elementor-widget elementor-widget-image-box\" data-id=\"8e29f0c\" data-element_type=\"widget\" data-e-type=\"widget\" data-widget_type=\"image-box.default\">\n\t\t\t\t<div class=\"elementor-widget-container\">\n\t\t\t\t\t<div class=\"elementor-image-box-wrapper\"><figure class=\"elementor-image-box-img\"><img fetchpriority=\"high\" decoding=\"async\" width=\"350\" height=\"350\" src=\"https:\/\/khachsan01.khoweb.xyz\/wp-content\/uploads\/2024\/09\/1-1.png\" class=\"attachment-full size-full wp-image-418\" alt=\"\" srcset=\"https:\/\/khachsan01.khoweb.xyz\/wp-content\/uploads\/2024\/09\/1-1.png 350w, https:\/\/khachsan01.khoweb.xyz\/wp-content\/uploads\/2024\/09\/1-1-300x300.png 300w, https:\/\/khachsan01.khoweb.xyz\/wp-content\/uploads\/2024\/09\/1-1-150x150.png 150w\" sizes=\"(max-width: 350px) 100vw, 350px\" \/><\/figure><div class=\"elementor-image-box-content\"><p class=\"elementor-image-box-title\">ACCOMMODATION<\/p><\/div><\/div>\t\t\t\t<\/div>\n\t\t\t\t<\/div>\n\t\t\t\t<div class=\"elementor-element elementor-element-53475ee elementor-widget-mobile__width-initial elementor-position-top elementor-widget elementor-widget-image-box\" data-id=\"53475ee\" data-element_type=\"widget\" data-e-type=\"widget\" data-widget_type=\"image-box.default\">\n\t\t\t\t<div class=\"elementor-widget-container\">\n\t\t\t\t\t<div class=\"elementor-image-box-wrapper\"><figure class=\"elementor-image-box-img\"><img fetchpriority=\"high\" decoding=\"async\" width=\"350\" height=\"350\" src=\"https:\/\/khachsan01.khoweb.xyz\/wp-content\/uploads\/2024\/09\/1-1.png\" class=\"attachment-full size-full wp-image-418\" alt=\"\" srcset=\"https:\/\/khachsan01.khoweb.xyz\/wp-content\/uploads\/2024\/09\/1-1.png 350w, https:\/\/khachsan01.khoweb.xyz\/wp-content\/uploads\/2024\/09\/1-1-300x300.png 300w, https:\/\/khachsan01.khoweb.xyz\/wp-content\/uploads\/2024\/09\/1-1-150x150.png 150w\" sizes=\"(max-width: 350px) 100vw, 350px\" \/><\/figure><div class=\"elementor-image-box-content\"><p class=\"elementor-image-box-title\">ACCOMMODATION<\/p><\/div><\/div>\t\t\t\t<\/div>\n\t\t\t\t<\/div>\n\t\t\t\t<div class=\"elementor-element elementor-element-4140c13 elementor-widget-mobile__width-initial elementor-position-top elementor-widget elementor-widget-image-box\" data-id=\"4140c13\" data-element_type=\"widget\" data-e-type=\"widget\" data-widget_type=\"image-box.default\">\n\t\t\t\t<div class=\"elementor-widget-container\">\n\t\t\t\t\t<div class=\"elementor-image-box-wrapper\"><figure class=\"elementor-image-box-img\"><img fetchpriority=\"high\" decoding=\"async\" width=\"350\" height=\"350\" src=\"https:\/\/khachsan01.khoweb.xyz\/wp-content\/uploads\/2024\/09\/1-1.png\" class=\"attachment-full size-full wp-image-418\" alt=\"\" srcset=\"https:\/\/khachsan01.khoweb.xyz\/wp-content\/uploads\/2024\/09\/1-1.png 350w, https:\/\/khachsan01.khoweb.xyz\/wp-content\/uploads\/2024\/09\/1-1-300x300.png 300w, https:\/\/khachsan01.khoweb.xyz\/wp-content\/uploads\/2024\/09\/1-1-150x150.png 150w\" sizes=\"(max-width: 350px) 100vw, 350px\" \/><\/figure><div class=\"elementor-image-box-content\"><p class=\"elementor-image-box-title\">ACCOMMODATION<\/p><\/div><\/div>\t\t\t\t<\/div>\n\t\t\t\t<\/div>\n\t\t\t\t\t<\/div>\n\t\t\t\t<\/div>\n\t\t\t\t<\/div>\n\t\t\t\t<\/div>\n\t\t\t\t\t\t<\/div>\n\t\t\t\t<\/div>\n\t\t\t\t<\/div>\n\t\t<div class=\"elementor-element elementor-element-56955aa e-flex e-con-boxed e-con e-parent\" data-id=\"56955aa\" data-element_type=\"container\" data-e-type=\"container\">\n\t\t\t\t\t<div class=\"e-con-inner\">\n\t\t\t\t<div class=\"elementor-element elementor-element-ee3539f elementor-widget elementor-widget-text-editor\" data-id=\"ee3539f\" data-element_type=\"widget\" data-e-type=\"widget\" data-widget_type=\"text-editor.default\">\n\t\t\t\t<div class=\"elementor-widget-container\">\n\t\t\t\t\t\t\t\t\t<p>N\u00e9p m\u00ecnh b\u00ean b\u1edd bi\u1ec3n xanh nh\u01b0 ng\u1ecdc c\u1ee7a B\u00e3i D\u00e0i v\u1ecbnh Cam Ranh, Ana Mandara Cam Ranh ch\u1ec9 c\u00e1ch trung t\u00e2m th\u00e0nh ph\u1ed1 Nha Trang 30 ph\u00fat di chuy\u1ec3n. N\u01a1i \u0111\u00e2y tr\u1ef1c ti\u1ebfp k\u1ebft n\u1ed1i v\u1edbi nh\u1eefng chuy\u1ebfn bay qu\u1ed1c t\u1ebf, t\u1eeb c\u00e1c th\u00e0nh ph\u1ed1 l\u1edbn c\u1ee7a Ch\u00e2u \u00c1 v\u00e0 c\u00e1c chuy\u1ebfn bay n\u1ed9i \u0111\u1ecba t\u1eeb kh\u1eafp c\u00e1c t\u1ec9nh th\u00e0nh Vi\u1ec7t Nam. Ana Mandara Cam Ranh Resort &amp; Spa \u0111\u01b0\u1ee3c x\u00e2y d\u1ef1ng theo chi\u1ebfn l\u01b0\u1ee3c c\u1ee7a th\u01b0\u01a1ng hi\u1ec7u ngh\u1ec9 d\u01b0\u1ee1ng sang tr\u1ecdng, lu\u00f4n h\u01b0\u1edbng \u0111\u1ebfn b\u1ea3o t\u1ed3n nh\u1eefng gi\u00e1 tr\u1ecb di s\u1ea3n v\u00e0 n\u00e9t duy\u00ean Vi\u1ec7t, k\u1ebft h\u1ee3p v\u1edbi l\u00f2ng hi\u1ebfu kh\u00e1ch ch\u00e2n th\u00e0nh, \u0111\u1ec3 t\u1eeb \u0111\u00f3 c\u00e1 nh\u00e2n h\u00f3a tr\u1ea3i nghi\u1ec7m s\u1ed1ng vui, kh\u1ecfe, l\u00e0nh m\u1ea1nh cho m\u1ed7i du kh\u00e1ch gh\u00e9 th\u0103m. Khu ngh\u1ec9 d\u01b0\u1ee1ng bao g\u1ed3m 176 c\u0103n bi\u1ec7t th\u1ef1 v\u00e0 ph\u00f2ng ngh\u1ec9 cao c\u1ea5p \u0111\u01b0\u1ee3c thi\u1ebft k\u1ebf \u0111\u1eb9p m\u1eaft, c\u00f9ng t\u1ea7m nh\u00ecn \u0111\u1eb9p nh\u01b0 tranh v\u1ebd v\u00e0 s\u1ef1 ri\u00eang t\u01b0 trong khung c\u1ea3nh thi\u00ean nhi\u00ean tuy\u1ec7t v\u1eddi. \u1ede \u0111\u00e2y, du kh\u00e1ch c\u00f3 th\u1ec3 t\u1eadn h\u01b0\u1edfng c\u00e1c tr\u1ea3i nghi\u1ec7m \u0103n u\u1ed1ng \u0111a d\u1ea1ng, khu spa th\u01b0 gi\u00e3n to\u00e0n di\u1ec7n c\u00f9ng c\u00e1c khu ti\u1ec7n \u00edch kh\u00e1c nh\u01b0 h\u1ed3 b\u01a1i l\u1edbn ngo\u00e0i tr\u1eddi, ph\u00f2ng h\u1ed9i ngh\u1ecb v\u00e0 khu vui ch\u01a1i d\u00e0nh cho tr\u1ebb em \u0111\u1ea7y s\u00e1ng t\u1ea1o. Ch\u00ednh s\u1ef1 k\u1ebft h\u1ee3p tuy\u1ec7t v\u1eddi gi\u1eefa m\u1ed9t kh\u00f4ng gian ngh\u1ec9 d\u01b0\u1ee1ng \u0111\u1ea7y th\u01b0 gi\u00e3n v\u00e0 c\u00e1c d\u1ecbch v\u1ee5 ti\u1ec7n \u00edch ch\u1ec9n chu \u0111\u00e3 khi\u1ebfn n\u01a1i \u0111\u00e2y tr\u1edf th\u00e0nh l\u1ef1a ch\u1ecdn ho\u00e0n h\u1ea3o cho c\u00e1c c\u1eb7p \u0111\u00f4i, gia \u0111\u00ecnh c\u0169ng nh\u01b0 nh\u1eefng ng\u01b0\u1eddi t\u00ecm ki\u1ebfm s\u1ef1 ch\u0103m s\u00f3c s\u1ee9c kh\u1ecfe.<\/p>\t\t\t\t\t\t\t\t<\/div>\n\t\t\t\t<\/div>\n\t\t\t\t\t<\/div>\n\t\t\t\t<\/div>\n\t\t<div class=\"elementor-element elementor-element-1acc5cb e-con-full e-flex e-con e-parent\" data-id=\"1acc5cb\" data-element_type=\"container\" data-e-type=\"container\">\n\t\t\t\t<div class=\"elementor-element elementor-element-ad2e238 elementor-widget elementor-widget-google_maps\" data-id=\"ad2e238\" data-element_type=\"widget\" data-e-type=\"widget\" data-widget_type=\"google_maps.default\">\n\t\t\t\t<div class=\"elementor-widget-container\">\n\t\t\t\t\t\t\t<div class=\"elementor-custom-embed\">\n\t\t\t<iframe loading=\"lazy\"\n\t\t\t\t\tsrc=\"https:\/\/maps.google.com\/maps?q=Ana%20Mandara%20Cam%20Ranh&#038;t=m&#038;z=16&#038;output=embed&#038;iwloc=near\"\n\t\t\t\t\ttitle=\"Ana Mandara Cam Ranh\"\n\t\t\t\t\taria-label=\"Ana Mandara Cam Ranh\"\n\t\t\t><\/iframe>\n\t\t<\/div>\n\t\t\t\t\t\t<\/div>\n\t\t\t\t<\/div>\n\t\t\t\t<\/div>\n\t\t<div class=\"elementor-element elementor-element-9129e8e e-flex e-con-boxed e-con e-parent\" data-id=\"9129e8e\" data-element_type=\"container\" data-e-type=\"container\">\n\t\t\t\t\t<div class=\"e-con-inner\">\n\t\t\t\t<div class=\"elementor-element elementor-element-103b8ea elementor-arrows-position-inside elementor-pagination-position-outside elementor-widget elementor-widget-image-carousel\" data-id=\"103b8ea\" data-element_type=\"widget\" data-e-type=\"widget\" data-settings=\"{&quot;slides_to_show&quot;:&quot;3&quot;,&quot;slides_to_scroll&quot;:&quot;1&quot;,&quot;image_spacing_custom&quot;:{&quot;unit&quot;:&quot;px&quot;,&quot;size&quot;:10,&quot;sizes&quot;:[]},&quot;navigation&quot;:&quot;both&quot;,&quot;autoplay&quot;:&quot;yes&quot;,&quot;pause_on_hover&quot;:&quot;yes&quot;,&quot;pause_on_interaction&quot;:&quot;yes&quot;,&quot;autoplay_speed&quot;:5000,&quot;infinite&quot;:&quot;yes&quot;,&quot;speed&quot;:500,&quot;image_spacing_custom_laptop&quot;:{&quot;unit&quot;:&quot;px&quot;,&quot;size&quot;:&quot;&quot;,&quot;sizes&quot;:[]},&quot;image_spacing_custom_tablet&quot;:{&quot;unit&quot;:&quot;px&quot;,&quot;size&quot;:&quot;&quot;,&quot;sizes&quot;:[]},&quot;image_spacing_custom_mobile&quot;:{&quot;unit&quot;:&quot;px&quot;,&quot;size&quot;:&quot;&quot;,&quot;sizes&quot;:[]}}\" data-widget_type=\"image-carousel.default\">\n\t\t\t\t<div class=\"elementor-widget-container\">\n\t\t\t\t\t\t\t<div class=\"elementor-image-carousel-wrapper swiper\" role=\"region\" aria-roledescription=\"carousel\" aria-label=\"B\u0103ng chuy\u1ec1n h\u00ecnh \u1ea3nh\" dir=\"ltr\">\n\t\t\t<div class=\"elementor-image-carousel swiper-wrapper\" aria-live=\"off\">\n\t\t\t\t\t\t\t\t<div class=\"swiper-slide\" role=\"group\" aria-roledescription=\"slide\" aria-label=\"1 tr\u00ean 6\"><a data-elementor-open-lightbox=\"yes\" data-elementor-lightbox-slideshow=\"103b8ea\" data-elementor-lightbox-title=\"Ana-Mandara-Cam-Ranh-people-2200x1200\" data-e-action-hash=\"#elementor-action%3Aaction%3Dlightbox%26settings%3DeyJpZCI6MjAxLCJ1cmwiOiJodHRwczpcL1wva2hhY2hzYW4wMS5raG93ZWIueHl6XC93cC1jb250ZW50XC91cGxvYWRzXC8yMDI0XC8wOVwvQW5hLU1hbmRhcmEtQ2FtLVJhbmgtcGVvcGxlLTIyMDB4MTIwMC0xLndlYnAiLCJzbGlkZXNob3ciOiIxMDNiOGVhIn0%3D\" href=\"https:\/\/khachsan01.khoweb.xyz\/wp-content\/uploads\/2024\/09\/Ana-Mandara-Cam-Ranh-people-2200x1200-1.webp\"><figure class=\"swiper-slide-inner\"><img decoding=\"async\" class=\"swiper-slide-image\" src=\"https:\/\/khachsan01.khoweb.xyz\/wp-content\/uploads\/elementor\/thumbs\/Ana-Mandara-Cam-Ranh-people-2200x1200-1-quamr7g10b4shqny92jwz3rgn2m2k8k4yqijh9qkhs.webp\" alt=\"Ana-Mandara-Cam-Ranh-people-2200x1200\" \/><\/figure><\/a><\/div><div class=\"swiper-slide\" role=\"group\" aria-roledescription=\"slide\" aria-label=\"2 tr\u00ean 6\"><a data-elementor-open-lightbox=\"yes\" data-elementor-lightbox-slideshow=\"103b8ea\" data-elementor-lightbox-title=\"ANA-MANDARA-CAM-RANH-Ana-Beach-House-2200x1200\" data-e-action-hash=\"#elementor-action%3Aaction%3Dlightbox%26settings%3DeyJpZCI6MTk2LCJ1cmwiOiJodHRwczpcL1wva2hhY2hzYW4wMS5raG93ZWIueHl6XC93cC1jb250ZW50XC91cGxvYWRzXC8yMDI0XC8wOVwvQU5BLU1BTkRBUkEtQ0FNLVJBTkgtQW5hLUJlYWNoLUhvdXNlLTIyMDB4MTIwMC0xLndlYnAiLCJzbGlkZXNob3ciOiIxMDNiOGVhIn0%3D\" href=\"https:\/\/khachsan01.khoweb.xyz\/wp-content\/uploads\/2024\/09\/ANA-MANDARA-CAM-RANH-Ana-Beach-House-2200x1200-1.webp\"><figure class=\"swiper-slide-inner\"><img decoding=\"async\" class=\"swiper-slide-image\" src=\"https:\/\/khachsan01.khoweb.xyz\/wp-content\/uploads\/elementor\/thumbs\/ANA-MANDARA-CAM-RANH-Ana-Beach-House-2200x1200-1-quammprscszh0t6sh4o328k6gsqxsaqb0ib0xoea80.webp\" alt=\"ANA-MANDARA-CAM-RANH-Ana-Beach-House-2200x1200\" \/><\/figure><\/a><\/div><div class=\"swiper-slide\" role=\"group\" aria-roledescription=\"slide\" aria-label=\"3 tr\u00ean 6\"><a data-elementor-open-lightbox=\"yes\" data-elementor-lightbox-slideshow=\"103b8ea\" data-elementor-lightbox-title=\"ANA-MANDARA-CAM-RANH-Wedding-1-2200x1200\" data-e-action-hash=\"#elementor-action%3Aaction%3Dlightbox%26settings%3DeyJpZCI6MjAyLCJ1cmwiOiJodHRwczpcL1wva2hhY2hzYW4wMS5raG93ZWIueHl6XC93cC1jb250ZW50XC91cGxvYWRzXC8yMDI0XC8wOVwvQU5BLU1BTkRBUkEtQ0FNLVJBTkgtV2VkZGluZy0xLTIyMDB4MTIwMC0xLndlYnAiLCJzbGlkZXNob3ciOiIxMDNiOGVhIn0%3D\" href=\"https:\/\/khachsan01.khoweb.xyz\/wp-content\/uploads\/2024\/09\/ANA-MANDARA-CAM-RANH-Wedding-1-2200x1200-1.webp\"><figure class=\"swiper-slide-inner\"><img decoding=\"async\" class=\"swiper-slide-image\" src=\"https:\/\/khachsan01.khoweb.xyz\/wp-content\/uploads\/elementor\/thumbs\/ANA-MANDARA-CAM-RANH-Wedding-1-2200x1200-1-quamspyo0p7f74greq49zq073f5cyokki8cpbbhqgw.webp\" alt=\"ANA-MANDARA-CAM-RANH-Wedding-1-2200x1200\" \/><\/figure><\/a><\/div><div class=\"swiper-slide\" role=\"group\" aria-roledescription=\"slide\" aria-label=\"4 tr\u00ean 6\"><a data-elementor-open-lightbox=\"yes\" data-elementor-lightbox-slideshow=\"103b8ea\" data-elementor-lightbox-title=\"22d9a056eb54c971631f1ce74a9530b9\" data-e-action-hash=\"#elementor-action%3Aaction%3Dlightbox%26settings%3DeyJpZCI6MjEwLCJ1cmwiOiJodHRwczpcL1wva2hhY2hzYW4wMS5raG93ZWIueHl6XC93cC1jb250ZW50XC91cGxvYWRzXC8yMDI0XC8wOVwvMjJkOWEwNTZlYjU0Yzk3MTYzMWYxY2U3NGE5NTMwYjkuanBnIiwic2xpZGVzaG93IjoiMTAzYjhlYSJ9\" href=\"https:\/\/khachsan01.khoweb.xyz\/wp-content\/uploads\/2024\/09\/22d9a056eb54c971631f1ce74a9530b9.jpg\"><figure class=\"swiper-slide-inner\"><img decoding=\"async\" class=\"swiper-slide-image\" src=\"https:\/\/khachsan01.khoweb.xyz\/wp-content\/uploads\/elementor\/thumbs\/22d9a056eb54c971631f1ce74a9530b9-quan9l6enoanj7yqx0l9qgryuc0h35j65psdc2hetc.jpg\" alt=\"22d9a056eb54c971631f1ce74a9530b9\" \/><\/figure><\/a><\/div><div class=\"swiper-slide\" role=\"group\" aria-roledescription=\"slide\" aria-label=\"5 tr\u00ean 6\"><a data-elementor-open-lightbox=\"yes\" data-elementor-lightbox-slideshow=\"103b8ea\" data-elementor-lightbox-title=\"ANA-MANDARA-CAM-RANH-Ana-Beach-House-2200x1200\" data-e-action-hash=\"#elementor-action%3Aaction%3Dlightbox%26settings%3DeyJpZCI6NDgzLCJ1cmwiOiJodHRwczpcL1wva2hhY2hzYW4wMS5raG93ZWIueHl6XC93cC1jb250ZW50XC91cGxvYWRzXC8yMDI0XC8wOVwvQU5BLU1BTkRBUkEtQ0FNLVJBTkgtQW5hLUJlYWNoLUhvdXNlLTIyMDB4MTIwMC0yLndlYnAiLCJzbGlkZXNob3ciOiIxMDNiOGVhIn0%3D\" href=\"https:\/\/khachsan01.khoweb.xyz\/wp-content\/uploads\/2024\/09\/ANA-MANDARA-CAM-RANH-Ana-Beach-House-2200x1200-2.webp\"><figure class=\"swiper-slide-inner\"><img decoding=\"async\" class=\"swiper-slide-image\" src=\"https:\/\/khachsan01.khoweb.xyz\/wp-content\/uploads\/elementor\/thumbs\/ANA-MANDARA-CAM-RANH-Ana-Beach-House-2200x1200-2-qudb8km7d1wq8heo8gacom244mu1vtkx6auoqfqs00.webp\" alt=\"ANA-MANDARA-CAM-RANH-Ana-Beach-House-2200x1200\" \/><\/figure><\/a><\/div><div class=\"swiper-slide\" role=\"group\" aria-roledescription=\"slide\" aria-label=\"6 tr\u00ean 6\"><a data-elementor-open-lightbox=\"yes\" data-elementor-lightbox-slideshow=\"103b8ea\" data-elementor-lightbox-title=\"ANA-MANDARA-CAM-RANH-Pool-Bar-2200x1200\" data-e-action-hash=\"#elementor-action%3Aaction%3Dlightbox%26settings%3DeyJpZCI6NDg3LCJ1cmwiOiJodHRwczpcL1wva2hhY2hzYW4wMS5raG93ZWIueHl6XC93cC1jb250ZW50XC91cGxvYWRzXC8yMDI0XC8wOVwvQU5BLU1BTkRBUkEtQ0FNLVJBTkgtUG9vbC1CYXItMjIwMHgxMjAwLTEud2VicCIsInNsaWRlc2hvdyI6IjEwM2I4ZWEifQ%3D%3D\" href=\"https:\/\/khachsan01.khoweb.xyz\/wp-content\/uploads\/2024\/09\/ANA-MANDARA-CAM-RANH-Pool-Bar-2200x1200-1.webp\"><figure class=\"swiper-slide-inner\"><img decoding=\"async\" class=\"swiper-slide-image\" src=\"https:\/\/khachsan01.khoweb.xyz\/wp-content\/uploads\/elementor\/thumbs\/ANA-MANDARA-CAM-RANH-Pool-Bar-2200x1200-1-qudbfszhy5t5kgwh02u0dacsod6q3zaki3k6o30q4g.webp\" alt=\"ANA-MANDARA-CAM-RANH-Pool-Bar-2200x1200\" \/><\/figure><\/a><\/div>\t\t\t<\/div>\n\t\t\t\t\t\t\t\t\t\t\t\t<div class=\"elementor-swiper-button elementor-swiper-button-prev\" role=\"button\" tabindex=\"0\">\n\t\t\t\t\t\t<svg aria-hidden=\"true\" class=\"e-font-icon-svg e-eicon-chevron-left\" viewBox=\"0 0 1000 1000\" xmlns=\"http:\/\/www.w3.org\/2000\/svg\"><path d=\"M646 125C629 125 613 133 604 142L308 442C296 454 292 471 292 487 292 504 296 521 308 533L604 854C617 867 629 875 646 875 663 875 679 871 692 858 704 846 713 829 713 812 713 796 708 779 692 767L438 487 692 225C700 217 708 204 708 187 708 171 704 154 692 142 675 129 663 125 646 125Z\"><\/path><\/svg>\t\t\t\t\t<\/div>\n\t\t\t\t\t<div class=\"elementor-swiper-button elementor-swiper-button-next\" role=\"button\" tabindex=\"0\">\n\t\t\t\t\t\t<svg aria-hidden=\"true\" class=\"e-font-icon-svg e-eicon-chevron-right\" viewBox=\"0 0 1000 1000\" xmlns=\"http:\/\/www.w3.org\/2000\/svg\"><path d=\"M696 533C708 521 713 504 713 487 713 471 708 454 696 446L400 146C388 133 375 125 354 125 338 125 325 129 313 142 300 154 292 171 292 187 292 204 296 221 308 233L563 492 304 771C292 783 288 800 288 817 288 833 296 850 308 863 321 871 338 875 354 875 371 875 388 867 400 854L696 533Z\"><\/path><\/svg>\t\t\t\t\t<\/div>\n\t\t\t\t\n\t\t\t\t\t\t\t\t\t<div class=\"swiper-pagination\"><\/div>\n\t\t\t\t\t\t\t\t\t<\/div>\n\t\t\t\t\t\t<\/div>\n\t\t\t\t<\/div>\n\t\t\t\t\t<\/div>\n\t\t\t\t<\/div>\n\t\t\t\t<\/div>\n\t\t","protected":false},"excerpt":{"rendered":"<p>Ana Mandara Cam Ranh V\u1ec0 CH\u00daNG T\u00d4I Trang ch\u1ee7 N\u00e9p m\u00ecnh b\u00ean b\u1edd bi\u1ec3n xanh nh\u01b0 ng\u1ecdc c\u1ee7a B\u00e3i D\u00e0i v\u1ecbnh Cam Ranh, Ana Mandara Cam Ranh ch\u1ec9 c\u00e1ch trung t\u00e2m th\u00e0nh ph\u1ed1 Nha Trang 30 ph\u00fat di chuy\u1ec3n. N\u01a1i \u0111\u00e2y tr\u1ef1c ti\u1ebfp k\u1ebft n\u1ed1i v\u1edbi nh\u1eefng chuy\u1ebfn bay qu\u1ed1c t\u1ebf, t\u1eeb c\u00e1c th\u00e0nh ph\u1ed1 l\u1edbn c\u1ee7a Ch\u00e2u \u00c1 v\u00e0 c\u00e1c chuy\u1ebfn bay n\u1ed9i \u0111\u1ecba t\u1eeb kh\u1eafp c\u00e1c t\u1ec9nh th\u00e0nh Vi\u1ec7t Nam. Ana Mandara Cam Ranh Resort &amp; Spa \u0111\u01b0\u1ee3c x\u00e2y d\u1ef1ng theo chi\u1ebfn l\u01b0\u1ee3c c\u1ee7a th\u01b0\u01a1ng hi\u1ec7u ngh\u1ec9 d\u01b0\u1ee1ng sang tr\u1ecdng, lu\u00f4n h\u01b0\u1edbng \u0111\u1ebfn b\u1ea3o t\u1ed3n nh\u1eefng gi\u00e1 tr\u1ecb di s\u1ea3n v\u00e0 n\u00e9t duy\u00ean Vi\u1ec7t, k\u1ebft h\u1ee3p v\u1edbi l\u00f2ng [&hellip;]<\/p>\n","protected":false},"author":1,"featured_media":0,"parent":0,"menu_order":0,"comment_status":"closed","ping_status":"closed","template":"","meta":{"footnotes":""},"class_list":["post-27","page","type-page","status-publish","hentry"],"_links":{"self":[{"href":"https:\/\/khachsan01.khoweb.xyz\/ja\/wp-json\/wp\/v2\/pages\/27","targetHints":{"allow":["GET"]}}],"collection":[{"href":"https:\/\/khachsan01.khoweb.xyz\/ja\/wp-json\/wp\/v2\/pages"}],"about":[{"href":"https:\/\/khachsan01.khoweb.xyz\/ja\/wp-json\/wp\/v2\/types\/page"}],"author":[{"embeddable":true,"href":"https:\/\/khachsan01.khoweb.xyz\/ja\/wp-json\/wp\/v2\/users\/1"}],"replies":[{"embeddable":true,"href":"https:\/\/khachsan01.khoweb.xyz\/ja\/wp-json\/wp\/v2\/comments?post=27"}],"version-history":[{"count":0,"href":"https:\/\/khachsan01.khoweb.xyz\/ja\/wp-json\/wp\/v2\/pages\/27\/revisions"}],"wp:attachment":[{"href":"https:\/\/khachsan01.khoweb.xyz\/ja\/wp-json\/wp\/v2\/media?parent=27"}],"curies":[{"name":"wp","href":"https:\/\/api.w.org\/{rel}","templated":true}]}}